{"id":23,"date":"2025-03-24T19:59:16","date_gmt":"2025-03-24T19:59:16","guid":{"rendered":"https:\/\/angely.staging.mixart.do\/?page_id=23"},"modified":"2026-02-12T19:36:32","modified_gmt":"2026-02-12T19:36:32","slug":"contacto","status":"publish","type":"page","link":"https:\/\/angely.staging.mixart.do\/index.php\/contacto\/","title":{"rendered":"Contacto"},"content":{"rendered":"\t\t<div data-elementor-type=\"wp-page\" data-elementor-id=\"23\" class=\"elementor elementor-23\" data-elementor-post-type=\"page\">\n\t\t\t\t<div class=\"elementor-element elementor-element-34d206a e-flex e-con-boxed e-con e-parent\" data-id=\"34d206a\" data-element_type=\"container\" data-settings=\"{&quot;background_background&quot;:&quot;classic&quot;}\">\n\t\t\t\t\t<div class=\"e-con-inner\">\n\t\t<div class=\"elementor-element elementor-element-3b15cbc e-con-full e-flex e-con e-child\" data-id=\"3b15cbc\" data-element_type=\"container\" data-settings=\"{&quot;background_background&quot;:&quot;classic&quot;}\">\n\t\t\t\t<div class=\"elementor-element elementor-element-d25aa78 elementor-widget elementor-widget-heading\" data-id=\"d25aa78\" data-element_type=\"widget\" data-widget_type=\"heading.default\">\n\t\t\t\t<div class=\"elementor-widget-container\">\n\t\t\t\t\t<h2 class=\"elementor-heading-title elementor-size-default\">Contacto<\/h2>\t\t\t\t<\/div>\n\t\t\t\t<\/div>\n\t\t\t\t<\/div>\n\t\t<div class=\"elementor-element elementor-element-bc1295f e-con-full elementor-hidden-tablet elementor-hidden-mobile e-flex e-con e-child\" data-id=\"bc1295f\" data-element_type=\"container\" data-settings=\"{&quot;background_background&quot;:&quot;classic&quot;}\">\n\t\t\t\t<div class=\"elementor-element elementor-element-2593d7d elementor-widget elementor-widget-text-editor\" data-id=\"2593d7d\" data-element_type=\"widget\" data-widget_type=\"text-editor.default\">\n\t\t\t\t<div class=\"elementor-widget-container\">\n\t\t\t\t\t\t\t\t\t<p>Aprende sobre los servicios que ofrezco y c\u00f3mo podemos trabajar juntos.<\/p>\n\t\t\t\t\t\t\t\t<\/div>\n\t\t\t\t<\/div>\n\t\t\t\t<\/div>\n\t\t\t\t\t<\/div>\n\t\t\t\t<\/div>\n\t\t<div class=\"elementor-element elementor-element-db31d52 elementor-hidden-desktop e-flex e-con-boxed e-con e-parent\" data-id=\"db31d52\" data-element_type=\"container\">\n\t\t\t\t\t<div class=\"e-con-inner\">\n\t\t<div class=\"elementor-element elementor-element-2dabd23 e-con-full elementor-hidden-desktop e-flex e-con e-child\" data-id=\"2dabd23\" data-element_type=\"container\" data-settings=\"{&quot;background_background&quot;:&quot;classic&quot;}\">\n\t\t\t\t<div class=\"elementor-element elementor-element-31eca3e elementor-widget elementor-widget-text-editor\" data-id=\"31eca3e\" data-element_type=\"widget\" data-widget_type=\"text-editor.default\">\n\t\t\t\t<div class=\"elementor-widget-container\">\n\t\t\t\t\t\t\t\t\t<p>Aprende sobre los servicios que ofrezco y c\u00f3mo podemos trabajar juntos.<\/p>\n\t\t\t\t\t\t\t\t<\/div>\n\t\t\t\t<\/div>\n\t\t\t\t<\/div>\n\t\t<div class=\"elementor-element elementor-element-25e432b e-con-full elementor-hidden-desktop e-flex e-con e-child\" data-id=\"25e432b\" data-element_type=\"container\">\n\t\t\t\t<div class=\"elementor-element elementor-element-26b0786 elementor-position-left elementor-view-framed elementor-shape-circle elementor-mobile-position-top elementor-widget elementor-widget-icon-box\" data-id=\"26b0786\" data-element_type=\"widget\" data-widget_type=\"icon-box.default\">\n\t\t\t\t<div class=\"elementor-widget-container\">\n\t\t\t\t\t\t\t<div class=\"elementor-icon-box-wrapper\">\n\n\t\t\t\t\t\t<div class=\"elementor-icon-box-icon\">\n\t\t\t\t<a href=\"tel:+18094811141\" class=\"elementor-icon\" tabindex=\"-1\" aria-label=\"Tel\u00e9fono\">\n\t\t\t\t<svg xmlns=\"http:\/\/www.w3.org\/2000\/svg\" width=\"21\" height=\"21\" viewBox=\"0 0 21 21\" fill=\"none\"><path fill-rule=\"evenodd\" clip-rule=\"evenodd\" d=\"M5.42155 2.27843C3.46969 2.27791 2.05666 3.83567 2.31387 5.50966C2.89692 9.30422 4.2838 12.282 6.42825 14.456C8.57098 16.6283 11.5552 18.0845 15.4876 18.6879C17.1619 18.9448 18.7198 17.5338 18.7198 15.5831L18.7198 14.4781C18.7198 14.3054 18.6033 14.1545 18.4362 14.1107L15.5479 13.3543C15.4547 13.3299 15.3558 13.3417 15.271 13.3875L13.6486 14.2628C12.5991 14.8291 11.1595 15.0097 9.96745 14.1786C8.79856 13.3636 7.6245 12.1756 6.81846 11.0034C5.99592 9.80716 6.17665 8.36818 6.75065 7.31541L7.61785 5.72491C7.66305 5.6405 7.67537 5.54085 7.65107 5.4482L6.89402 2.56217C6.85022 2.39517 6.69919 2.27871 6.52641 2.27871L5.42155 2.27843ZM0.0601188 5.85543C-0.447242 2.55344 2.33588 -0.000807575 5.42215 1.91534e-07L6.52639 0.000289275C7.73568 0.000419104 8.79306 0.815567 9.09968 1.98448L9.85672 4.87051C10.0277 5.52227 9.94458 6.21459 9.6242 6.80746L9.62217 6.81122L8.75293 8.40545C8.46179 8.93944 8.49622 9.41998 8.69776 9.71307C9.35111 10.6632 10.3316 11.6543 11.2722 12.3101C11.5567 12.5084 12.0305 12.5465 12.5652 12.258L14.1876 11.3826C14.781 11.0625 15.4738 10.9795 16.1261 11.1503L19.0143 11.9068C20.1842 12.2132 21 13.2696 21 14.4781L21 15.5831C21 18.6657 18.4461 21.4469 15.1416 20.9399C10.8268 20.2779 7.35812 18.6445 4.80431 16.0554C2.25224 13.4681 0.698931 10.0129 0.0601188 5.85543Z\" fill=\"#10CFC9\"><\/path><\/svg>\t\t\t\t<\/a>\n\t\t\t<\/div>\n\t\t\t\n\t\t\t\t\t\t<div class=\"elementor-icon-box-content\">\n\n\t\t\t\t\t\t\t\t\t<h3 class=\"elementor-icon-box-title\">\n\t\t\t\t\t\t<a href=\"tel:+18094811141\" >\n\t\t\t\t\t\t\tTel\u00e9fono\t\t\t\t\t\t<\/a>\n\t\t\t\t\t<\/h3>\n\t\t\t\t\n\t\t\t\t\t\t\t\t\t<p class=\"elementor-icon-box-description\">\n\t\t\t\t\t\t+1 (809) 481-1141\t\t\t\t\t<\/p>\n\t\t\t\t\n\t\t\t<\/div>\n\t\t\t\n\t\t<\/div>\n\t\t\t\t\t\t<\/div>\n\t\t\t\t<\/div>\n\t\t\t\t<div class=\"elementor-element elementor-element-f89f0df elementor-position-left elementor-view-framed elementor-shape-circle elementor-mobile-position-top elementor-widget elementor-widget-icon-box\" data-id=\"f89f0df\" data-element_type=\"widget\" data-widget_type=\"icon-box.default\">\n\t\t\t\t<div class=\"elementor-widget-container\">\n\t\t\t\t\t\t\t<div class=\"elementor-icon-box-wrapper\">\n\n\t\t\t\t\t\t<div class=\"elementor-icon-box-icon\">\n\t\t\t\t<span  class=\"elementor-icon\">\n\t\t\t\t<svg xmlns=\"http:\/\/www.w3.org\/2000\/svg\" width=\"22\" height=\"18\" viewBox=\"0 0 22 18\" fill=\"none\"><path fill-rule=\"evenodd\" clip-rule=\"evenodd\" d=\"M4.32143 0C1.93477 0 0 1.93477 0 4.32143V12.9643C0 15.3509 1.93477 17.2857 4.32143 17.2857H17.6786C20.0652 17.2857 22 15.3509 22 12.9643V4.32143C22 1.93477 20.0652 0 17.6786 0H4.32143ZM2.35714 4.32143C2.35714 3.23658 3.23658 2.35714 4.32143 2.35714H17.6786C18.7634 2.35714 19.6429 3.23658 19.6429 4.32143V12.9643C19.6429 14.0491 18.7634 14.9286 17.6786 14.9286H4.32143C3.23658 14.9286 2.35714 14.0491 2.35714 12.9643V4.32143ZM5.60551 4.82487C5.01566 4.54961 4.31436 4.80463 4.0391 5.39447C3.76384 5.98431 4.01886 6.68561 4.6087 6.96087L10.1693 9.55581C10.6958 9.80153 11.3041 9.80153 11.8306 9.55582L17.3912 6.96087C17.9811 6.68561 18.2361 5.98431 17.9608 5.39447C17.6856 4.80463 16.9843 4.54961 16.3944 4.82487L11 7.34228L5.60551 4.82487Z\" fill=\"#10CFC9\"><\/path><\/svg>\t\t\t\t<\/span>\n\t\t\t<\/div>\n\t\t\t\n\t\t\t\t\t\t<div class=\"elementor-icon-box-content\">\n\n\t\t\t\t\t\t\t\t\t<h3 class=\"elementor-icon-box-title\">\n\t\t\t\t\t\t<span  >\n\t\t\t\t\t\t\tCorreo electr\u00f3nico\t\t\t\t\t\t<\/span>\n\t\t\t\t\t<\/h3>\n\t\t\t\t\n\t\t\t\t\t\t\t\t\t<p class=\"elementor-icon-box-description\">\n\t\t\t\t\t\t<p><span style=\"color: #6d6e70\"><a style=\"color: #6d6e70\" href=\"mailto:angely@angelybaez.com\">angely@angelybaez.com<\/a><br \/>\n<\/span><span style=\"color: #6d6e70\"><a style=\"color: #6d6e70\" href=\"mailto:angely.baez@gmail.com\">angely.baez@gmail.com<\/a><\/span><\/p>\n\t\t\t\t\t<\/p>\n\t\t\t\t\n\t\t\t<\/div>\n\t\t\t\n\t\t<\/div>\n\t\t\t\t\t\t<\/div>\n\t\t\t\t<\/div>\n\t\t\t\t<\/div>\n\t\t\t\t\t<\/div>\n\t\t\t\t<\/div>\n\t\t<div class=\"elementor-element elementor-element-d6ea0ab e-flex e-con-boxed e-con e-parent\" data-id=\"d6ea0ab\" data-element_type=\"container\">\n\t\t\t\t\t<div class=\"e-con-inner\">\n\t\t<div class=\"elementor-element elementor-element-078c343 e-con-full e-flex e-con e-child\" data-id=\"078c343\" data-element_type=\"container\">\n\t\t\t\t<div class=\"elementor-element elementor-element-22d8141 elementor-button-align-start elementor-widget__width-initial elementor-tablet-button-align-center elementor-widget elementor-widget-form\" data-id=\"22d8141\" data-element_type=\"widget\" data-settings=\"{&quot;step_next_label&quot;:&quot;Next&quot;,&quot;step_previous_label&quot;:&quot;Previous&quot;,&quot;button_width&quot;:&quot;100&quot;,&quot;step_type&quot;:&quot;number_text&quot;,&quot;step_icon_shape&quot;:&quot;circle&quot;}\" data-widget_type=\"form.default\">\n\t\t\t\t<div class=\"elementor-widget-container\">\n\t\t\t\t\t\t\t<form class=\"elementor-form\" method=\"post\" name=\"New Form\" aria-label=\"New Form\">\n\t\t\t<input type=\"hidden\" name=\"post_id\" value=\"23\"\/>\n\t\t\t<input type=\"hidden\" name=\"form_id\" value=\"22d8141\"\/>\n\t\t\t<input type=\"hidden\" name=\"referer_title\" value=\"Contacto\" \/>\n\n\t\t\t\t\t\t\t<input type=\"hidden\" name=\"queried_id\" value=\"23\"\/>\n\t\t\t\n\t\t\t<div class=\"elementor-form-fields-wrapper elementor-labels-above\">\n\t\t\t\t\t\t\t\t<div class=\"elementor-field-type-text elementor-field-group elementor-column elementor-field-group-name elementor-col-100\">\n\t\t\t\t\t\t\t\t\t\t\t\t<label for=\"form-field-name\" class=\"elementor-field-label\">\n\t\t\t\t\t\t\t\tNombre\t\t\t\t\t\t\t<\/label>\n\t\t\t\t\t\t\t\t\t\t\t\t\t\t<input size=\"1\" type=\"text\" name=\"form_fields[name]\" id=\"form-field-name\" class=\"elementor-field elementor-size-sm  elementor-field-textual\" placeholder=\"Marcos Peralta\">\n\t\t\t\t\t\t\t\t\t\t\t<\/div>\n\t\t\t\t\t\t\t\t<div class=\"elementor-field-type-email elementor-field-group elementor-column elementor-field-group-email elementor-col-100 elementor-field-required\">\n\t\t\t\t\t\t\t\t\t\t\t\t<label for=\"form-field-email\" class=\"elementor-field-label\">\n\t\t\t\t\t\t\t\tEmail\t\t\t\t\t\t\t<\/label>\n\t\t\t\t\t\t\t\t\t\t\t\t\t\t<input size=\"1\" type=\"email\" name=\"form_fields[email]\" id=\"form-field-email\" class=\"elementor-field elementor-size-sm  elementor-field-textual\" placeholder=\"marcosprt@gmail.com\" required=\"required\">\n\t\t\t\t\t\t\t\t\t\t\t<\/div>\n\t\t\t\t\t\t\t\t<div class=\"elementor-field-type-textarea elementor-field-group elementor-column elementor-field-group-message elementor-col-100\">\n\t\t\t\t\t\t\t\t\t\t\t\t<label for=\"form-field-message\" class=\"elementor-field-label\">\n\t\t\t\t\t\t\t\tMensaje\t\t\t\t\t\t\t<\/label>\n\t\t\t\t\t\t<textarea class=\"elementor-field-textual elementor-field  elementor-size-sm\" name=\"form_fields[message]\" id=\"form-field-message\" rows=\"4\"><\/textarea>\t\t\t\t<\/div>\n\t\t\t\t\t\t\t\t<div class=\"elementor-field-type-recaptcha_v3 elementor-field-group elementor-column elementor-field-group-field_62efa64 elementor-col-100 recaptcha_v3-bottomright\">\n\t\t\t\t\t<div class=\"elementor-field\" id=\"form-field-field_62efa64\"><div class=\"elementor-g-recaptcha\" data-sitekey=\"6LfMOEArAAAAAEIm2GpTEIV8xpNOzBFCSL2Cntt1\" data-type=\"v3\" data-action=\"Form\" data-badge=\"bottomright\" data-size=\"invisible\"><\/div><\/div>\t\t\t\t<\/div>\n\t\t\t\t\t\t\t\t<div class=\"elementor-field-group elementor-column elementor-field-type-submit elementor-col-100 e-form__buttons\">\n\t\t\t\t\t<button class=\"elementor-button elementor-size-sm\" type=\"submit\">\n\t\t\t\t\t\t<span class=\"elementor-button-content-wrapper\">\n\t\t\t\t\t\t\t\t\t\t\t\t\t\t\t\t\t\t\t\t\t\t<span class=\"elementor-button-text\">Enviar mensaje<\/span>\n\t\t\t\t\t\t\t\t\t\t\t\t\t<\/span>\n\t\t\t\t\t<\/button>\n\t\t\t\t<\/div>\n\t\t\t<\/div>\n\t\t<\/form>\n\t\t\t\t\t\t<\/div>\n\t\t\t\t<\/div>\n\t\t\t\t<\/div>\n\t\t<div class=\"elementor-element elementor-element-23a6d9a e-con-full elementor-hidden-tablet elementor-hidden-mobile e-flex e-con e-child\" data-id=\"23a6d9a\" data-element_type=\"container\">\n\t\t\t\t<div class=\"elementor-element elementor-element-6899578 elementor-position-left elementor-view-framed elementor-shape-circle elementor-mobile-position-top elementor-widget elementor-widget-icon-box\" data-id=\"6899578\" data-element_type=\"widget\" data-widget_type=\"icon-box.default\">\n\t\t\t\t<div class=\"elementor-widget-container\">\n\t\t\t\t\t\t\t<div class=\"elementor-icon-box-wrapper\">\n\n\t\t\t\t\t\t<div class=\"elementor-icon-box-icon\">\n\t\t\t\t<a href=\"tel:+18094811141\" class=\"elementor-icon\" tabindex=\"-1\" aria-label=\"Tel\u00e9fono\">\n\t\t\t\t<svg xmlns=\"http:\/\/www.w3.org\/2000\/svg\" width=\"21\" height=\"21\" viewBox=\"0 0 21 21\" fill=\"none\"><path fill-rule=\"evenodd\" clip-rule=\"evenodd\" d=\"M5.42155 2.27843C3.46969 2.27791 2.05666 3.83567 2.31387 5.50966C2.89692 9.30422 4.2838 12.282 6.42825 14.456C8.57098 16.6283 11.5552 18.0845 15.4876 18.6879C17.1619 18.9448 18.7198 17.5338 18.7198 15.5831L18.7198 14.4781C18.7198 14.3054 18.6033 14.1545 18.4362 14.1107L15.5479 13.3543C15.4547 13.3299 15.3558 13.3417 15.271 13.3875L13.6486 14.2628C12.5991 14.8291 11.1595 15.0097 9.96745 14.1786C8.79856 13.3636 7.6245 12.1756 6.81846 11.0034C5.99592 9.80716 6.17665 8.36818 6.75065 7.31541L7.61785 5.72491C7.66305 5.6405 7.67537 5.54085 7.65107 5.4482L6.89402 2.56217C6.85022 2.39517 6.69919 2.27871 6.52641 2.27871L5.42155 2.27843ZM0.0601188 5.85543C-0.447242 2.55344 2.33588 -0.000807575 5.42215 1.91534e-07L6.52639 0.000289275C7.73568 0.000419104 8.79306 0.815567 9.09968 1.98448L9.85672 4.87051C10.0277 5.52227 9.94458 6.21459 9.6242 6.80746L9.62217 6.81122L8.75293 8.40545C8.46179 8.93944 8.49622 9.41998 8.69776 9.71307C9.35111 10.6632 10.3316 11.6543 11.2722 12.3101C11.5567 12.5084 12.0305 12.5465 12.5652 12.258L14.1876 11.3826C14.781 11.0625 15.4738 10.9795 16.1261 11.1503L19.0143 11.9068C20.1842 12.2132 21 13.2696 21 14.4781L21 15.5831C21 18.6657 18.4461 21.4469 15.1416 20.9399C10.8268 20.2779 7.35812 18.6445 4.80431 16.0554C2.25224 13.4681 0.698931 10.0129 0.0601188 5.85543Z\" fill=\"#10CFC9\"><\/path><\/svg>\t\t\t\t<\/a>\n\t\t\t<\/div>\n\t\t\t\n\t\t\t\t\t\t<div class=\"elementor-icon-box-content\">\n\n\t\t\t\t\t\t\t\t\t<h3 class=\"elementor-icon-box-title\">\n\t\t\t\t\t\t<a href=\"tel:+18094811141\" >\n\t\t\t\t\t\t\tTel\u00e9fono\t\t\t\t\t\t<\/a>\n\t\t\t\t\t<\/h3>\n\t\t\t\t\n\t\t\t\t\t\t\t\t\t<p class=\"elementor-icon-box-description\">\n\t\t\t\t\t\t+1 (809) 481-1141\t\t\t\t\t<\/p>\n\t\t\t\t\n\t\t\t<\/div>\n\t\t\t\n\t\t<\/div>\n\t\t\t\t\t\t<\/div>\n\t\t\t\t<\/div>\n\t\t\t\t<div class=\"elementor-element elementor-element-6590232 elementor-position-left elementor-view-framed elementor-shape-circle elementor-mobile-position-top elementor-widget elementor-widget-icon-box\" data-id=\"6590232\" data-element_type=\"widget\" data-widget_type=\"icon-box.default\">\n\t\t\t\t<div class=\"elementor-widget-container\">\n\t\t\t\t\t\t\t<div class=\"elementor-icon-box-wrapper\">\n\n\t\t\t\t\t\t<div class=\"elementor-icon-box-icon\">\n\t\t\t\t<span  class=\"elementor-icon\">\n\t\t\t\t<svg xmlns=\"http:\/\/www.w3.org\/2000\/svg\" width=\"22\" height=\"18\" viewBox=\"0 0 22 18\" fill=\"none\"><path fill-rule=\"evenodd\" clip-rule=\"evenodd\" d=\"M4.32143 0C1.93477 0 0 1.93477 0 4.32143V12.9643C0 15.3509 1.93477 17.2857 4.32143 17.2857H17.6786C20.0652 17.2857 22 15.3509 22 12.9643V4.32143C22 1.93477 20.0652 0 17.6786 0H4.32143ZM2.35714 4.32143C2.35714 3.23658 3.23658 2.35714 4.32143 2.35714H17.6786C18.7634 2.35714 19.6429 3.23658 19.6429 4.32143V12.9643C19.6429 14.0491 18.7634 14.9286 17.6786 14.9286H4.32143C3.23658 14.9286 2.35714 14.0491 2.35714 12.9643V4.32143ZM5.60551 4.82487C5.01566 4.54961 4.31436 4.80463 4.0391 5.39447C3.76384 5.98431 4.01886 6.68561 4.6087 6.96087L10.1693 9.55581C10.6958 9.80153 11.3041 9.80153 11.8306 9.55582L17.3912 6.96087C17.9811 6.68561 18.2361 5.98431 17.9608 5.39447C17.6856 4.80463 16.9843 4.54961 16.3944 4.82487L11 7.34228L5.60551 4.82487Z\" fill=\"#10CFC9\"><\/path><\/svg>\t\t\t\t<\/span>\n\t\t\t<\/div>\n\t\t\t\n\t\t\t\t\t\t<div class=\"elementor-icon-box-content\">\n\n\t\t\t\t\t\t\t\t\t<h3 class=\"elementor-icon-box-title\">\n\t\t\t\t\t\t<span  >\n\t\t\t\t\t\t\tCorreo electr\u00f3nico\t\t\t\t\t\t<\/span>\n\t\t\t\t\t<\/h3>\n\t\t\t\t\n\t\t\t\t\t\t\t\t\t<p class=\"elementor-icon-box-description\">\n\t\t\t\t\t\t<p><span style=\"color: #6d6e70\"><a style=\"color: #6d6e70\" href=\"mailto:angely@angelybaez.com\">angely@angelybaez.com<\/a><br \/>\n<\/span><span style=\"color: #6d6e70\"><a style=\"color: #6d6e70\" href=\"mailto:angely.baez@gmail.com\">angely.baez@gmail.com<\/a><\/span><\/p>\n\t\t\t\t\t<\/p>\n\t\t\t\t\n\t\t\t<\/div>\n\t\t\t\n\t\t<\/div>\n\t\t\t\t\t\t<\/div>\n\t\t\t\t<\/div>\n\t\t\t\t<\/div>\n\t\t\t\t\t<\/div>\n\t\t\t\t<\/div>\n\t\t<div class=\"elementor-element elementor-element-ee9c15e e-flex e-con-boxed e-con e-parent\" data-id=\"ee9c15e\" data-element_type=\"container\">\n\t\t\t\t\t<div class=\"e-con-inner\">\n\t\t<div class=\"elementor-element elementor-element-af83f50 e-con-full e-flex e-con e-child\" data-id=\"af83f50\" data-element_type=\"container\">\n\t\t<div class=\"elementor-element elementor-element-5c44539 e-con-full e-flex e-con e-child\" data-id=\"5c44539\" data-element_type=\"container\">\n\t\t\t\t<div class=\"elementor-element elementor-element-b856be6 elementor-widget elementor-widget-heading\" data-id=\"b856be6\" data-element_type=\"widget\" data-widget_type=\"heading.default\">\n\t\t\t\t<div class=\"elementor-widget-container\">\n\t\t\t\t\t<h2 class=\"elementor-heading-title elementor-size-default\">Suscr\u00edbete a mi newsletter<\/h2>\t\t\t\t<\/div>\n\t\t\t\t<\/div>\n\t\t\t\t<div class=\"elementor-element elementor-element-6d492a9 elementor-widget__width-initial elementor-widget elementor-widget-text-editor\" data-id=\"6d492a9\" data-element_type=\"widget\" data-widget_type=\"text-editor.default\">\n\t\t\t\t<div class=\"elementor-widget-container\">\n\t\t\t\t\t\t\t\t\t<p>Forma parte de mi comunidad en la web y se el primero en enterarte de mis nuevos eventos y contenido de <strong><a href=\"https:\/\/angely.staging.mixart.do\/index.php\/blog\/\"><span style=\"color: #33cccc\">mi blog<\/span><\/a><\/strong>.<\/p>\n\t\t\t\t\t\t\t\t<\/div>\n\t\t\t\t<\/div>\n\t\t\t\t<div class=\"elementor-element elementor-element-9186fac elementor-button-align-end elementor-widget__width-initial button-email elementor-mobile-button-align-stretch elementor-widget elementor-widget-form\" data-id=\"9186fac\" data-element_type=\"widget\" data-settings=\"{&quot;step_next_label&quot;:&quot;Next&quot;,&quot;step_previous_label&quot;:&quot;Previous&quot;,&quot;button_width&quot;:&quot;100&quot;,&quot;step_type&quot;:&quot;number_text&quot;,&quot;step_icon_shape&quot;:&quot;circle&quot;}\" data-widget_type=\"form.default\">\n\t\t\t\t<div class=\"elementor-widget-container\">\n\t\t\t\t\t\t\t<form class=\"elementor-form\" method=\"post\" name=\"New Form\" aria-label=\"New Form\">\n\t\t\t<input type=\"hidden\" name=\"post_id\" value=\"23\"\/>\n\t\t\t<input type=\"hidden\" name=\"form_id\" value=\"9186fac\"\/>\n\t\t\t<input type=\"hidden\" name=\"referer_title\" value=\"Contacto\" \/>\n\n\t\t\t\t\t\t\t<input type=\"hidden\" name=\"queried_id\" value=\"23\"\/>\n\t\t\t\n\t\t\t<div class=\"elementor-form-fields-wrapper elementor-labels-\">\n\t\t\t\t\t\t\t\t<div class=\"elementor-field-type-email elementor-field-group elementor-column elementor-field-group-email elementor-col-100 elementor-field-required\">\n\t\t\t\t\t\t\t\t\t\t\t\t\t<input size=\"1\" type=\"email\" name=\"form_fields[email]\" id=\"form-field-email\" class=\"elementor-field elementor-size-sm  elementor-field-textual\" placeholder=\"Correo electr\u00f3nico\" required=\"required\">\n\t\t\t\t\t\t\t\t\t\t\t<\/div>\n\t\t\t\t\t\t\t\t<div class=\"elementor-field-type-recaptcha_v3 elementor-field-group elementor-column elementor-field-group-field_43bfcdc elementor-col-100 recaptcha_v3-bottomright\">\n\t\t\t\t\t<div class=\"elementor-field\" id=\"form-field-field_43bfcdc\"><div class=\"elementor-g-recaptcha\" data-sitekey=\"6LfMOEArAAAAAEIm2GpTEIV8xpNOzBFCSL2Cntt1\" data-type=\"v3\" data-action=\"Form\" data-badge=\"bottomright\" data-size=\"invisible\"><\/div><\/div>\t\t\t\t<\/div>\n\t\t\t\t\t\t\t\t<div class=\"elementor-field-group elementor-column elementor-field-type-submit elementor-col-100 e-form__buttons\">\n\t\t\t\t\t<button class=\"elementor-button elementor-size-sm\" type=\"submit\">\n\t\t\t\t\t\t<span class=\"elementor-button-content-wrapper\">\n\t\t\t\t\t\t\t\t\t\t\t\t\t\t\t\t\t\t\t\t\t\t<span class=\"elementor-button-text\">Suscr\u00edbete<\/span>\n\t\t\t\t\t\t\t\t\t\t\t\t\t<\/span>\n\t\t\t\t\t<\/button>\n\t\t\t\t<\/div>\n\t\t\t<\/div>\n\t\t<\/form>\n\t\t\t\t\t\t<\/div>\n\t\t\t\t<\/div>\n\t\t\t\t<\/div>\n\t\t\t\t<\/div>\n\t\t<div class=\"elementor-element elementor-element-38fc3b9 e-con-full elementor-hidden-mobile e-flex e-con e-child\" data-id=\"38fc3b9\" data-element_type=\"container\" data-settings=\"{&quot;position&quot;:&quot;absolute&quot;}\">\n\t\t\t\t<div class=\"elementor-element elementor-element-8ee9953 elementor-widget elementor-widget-image\" data-id=\"8ee9953\" data-element_type=\"widget\" data-widget_type=\"image.default\">\n\t\t\t\t<div class=\"elementor-widget-container\">\n\t\t\t\t\t\t\t\t\t\t\t\t\t\t\t<img fetchpriority=\"high\" decoding=\"async\" width=\"530\" height=\"715\" src=\"https:\/\/angely.staging.mixart.do\/wp-content\/uploads\/2025\/04\/Group-2.png\" class=\"attachment-full size-full wp-image-731\" alt=\"\" srcset=\"https:\/\/angely.staging.mixart.do\/wp-content\/uploads\/2025\/04\/Group-2.png 530w, https:\/\/angely.staging.mixart.do\/wp-content\/uploads\/2025\/04\/Group-2-222x300.png 222w\" sizes=\"(max-width: 530px) 100vw, 530px\" \/>\t\t\t\t\t\t\t\t\t\t\t\t\t\t\t<\/div>\n\t\t\t\t<\/div>\n\t\t\t\t<\/div>\n\t\t\t\t\t<\/div>\n\t\t\t\t<\/div>\n\t\t\t\t<\/div>\n\t\t","protected":false},"excerpt":{"rendered":"<p>Tel\u00e9fono Correo electr\u00f3nico Tel\u00e9fono Correo electr\u00f3nico<\/p>\n","protected":false},"author":1,"featured_media":6650,"parent":0,"menu_order":0,"comment_status":"closed","ping_status":"closed","template":"","meta":{"_acf_changed":false,"footnotes":""},"class_list":["post-23","page","type-page","status-publish","has-post-thumbnail","hentry"],"acf":[],"_links":{"self":[{"href":"https:\/\/angely.staging.mixart.do\/index.php\/wp-json\/wp\/v2\/pages\/23","targetHints":{"allow":["GET"]}}],"collection":[{"href":"https:\/\/angely.staging.mixart.do\/index.php\/wp-json\/wp\/v2\/pages"}],"about":[{"href":"https:\/\/angely.staging.mixart.do\/index.php\/wp-json\/wp\/v2\/types\/page"}],"author":[{"embeddable":true,"href":"https:\/\/angely.staging.mixart.do\/index.php\/wp-json\/wp\/v2\/users\/1"}],"replies":[{"embeddable":true,"href":"https:\/\/angely.staging.mixart.do\/index.php\/wp-json\/wp\/v2\/comments?post=23"}],"version-history":[{"count":310,"href":"https:\/\/angely.staging.mixart.do\/index.php\/wp-json\/wp\/v2\/pages\/23\/revisions"}],"predecessor-version":[{"id":7161,"href":"https:\/\/angely.staging.mixart.do\/index.php\/wp-json\/wp\/v2\/pages\/23\/revisions\/7161"}],"wp:featuredmedia":[{"embeddable":true,"href":"https:\/\/angely.staging.mixart.do\/index.php\/wp-json\/wp\/v2\/media\/6650"}],"wp:attachment":[{"href":"https:\/\/angely.staging.mixart.do\/index.php\/wp-json\/wp\/v2\/media?parent=23"}],"curies":[{"name":"wp","href":"https:\/\/api.w.org\/{rel}","templated":true}]}}