{"id":4008,"date":"2025-05-19T16:15:36","date_gmt":"2025-05-19T16:15:36","guid":{"rendered":"https:\/\/angely.staging.mixart.do\/?page_id=4008"},"modified":"2026-02-03T17:38:46","modified_gmt":"2026-02-03T17:38:46","slug":"medias-tours","status":"publish","type":"page","link":"https:\/\/angely.staging.mixart.do\/index.php\/media\/medias-tours\/","title":{"rendered":"Media Tours"},"content":{"rendered":"\t\t<div data-elementor-type=\"wp-page\" data-elementor-id=\"4008\" class=\"elementor elementor-4008\" data-elementor-post-type=\"page\">\n\t\t\t\t<div class=\"elementor-element elementor-element-547a75e7 e-flex e-con-boxed e-con e-parent\" data-id=\"547a75e7\" data-element_type=\"container\" data-settings=\"{&quot;background_background&quot;:&quot;classic&quot;}\">\n\t\t\t\t\t<div class=\"e-con-inner\">\n\t\t<div class=\"elementor-element elementor-element-75b7be77 e-con-full e-flex e-con e-child\" data-id=\"75b7be77\" data-element_type=\"container\">\n\t\t\t\t<div class=\"elementor-element elementor-element-7d6acccd elementor-widget elementor-widget-heading\" data-id=\"7d6acccd\" data-element_type=\"widget\" data-widget_type=\"heading.default\">\n\t\t\t\t<div class=\"elementor-widget-container\">\n\t\t\t\t\t<h2 class=\"elementor-heading-title elementor-size-default\">Media<\/h2>\t\t\t\t<\/div>\n\t\t\t\t<\/div>\n\t\t\t\t<div class=\"elementor-element elementor-element-2d8186cd elementor-widget elementor-widget-text-editor\" data-id=\"2d8186cd\" data-element_type=\"widget\" data-widget_type=\"text-editor.default\">\n\t\t\t\t<div class=\"elementor-widget-container\">\n\t\t\t\t\t\t\t\t\t<div>\u00a0<\/div><p>Conoce mi trabajo a trav\u00e9s de mi contenido.<\/p>\t\t\t\t\t\t\t\t<\/div>\n\t\t\t\t<\/div>\n\t\t\t\t<\/div>\n\t\t\t\t<div class=\"elementor-element elementor-element-21ddc5b2 elementor-nav-menu__align-justify elementor-nav-menu--dropdown-none menu-horizontal-scroll elementor-widget elementor-widget-nav-menu\" data-id=\"21ddc5b2\" data-element_type=\"widget\" data-settings=\"{&quot;layout&quot;:&quot;horizontal&quot;,&quot;submenu_icon&quot;:{&quot;value&quot;:&quot;&lt;i class=\\&quot;fas fa-caret-down\\&quot; aria-hidden=\\&quot;true\\&quot;&gt;&lt;\\\/i&gt;&quot;,&quot;library&quot;:&quot;fa-solid&quot;}}\" data-widget_type=\"nav-menu.default\">\n\t\t\t\t<div class=\"elementor-widget-container\">\n\t\t\t\t\t\t\t\t<nav aria-label=\"Menu\" class=\"elementor-nav-menu--main elementor-nav-menu__container elementor-nav-menu--layout-horizontal e--pointer-underline e--animation-fade\">\n\t\t\t\t<ul id=\"menu-1-21ddc5b2\" class=\"elementor-nav-menu\"><li class=\"menu-item menu-item-type-post_type menu-item-object-page menu-item-4121\"><a href=\"https:\/\/angely.staging.mixart.do\/index.php\/media\/audios\/\" class=\"elementor-item\"><img decoding=\"async\" src=\"https:\/\/angely.staging.mixart.do\/wp-content\/uploads\/2025\/04\/mic-2.svg\" style=\"margin-right: 10px;\">Audios<\/a><\/li>\n<li class=\"menu-item menu-item-type-post_type menu-item-object-page menu-item-4120\"><a href=\"https:\/\/angely.staging.mixart.do\/index.php\/media\/videos\/\" class=\"elementor-item\"><img decoding=\"async\" src=\"https:\/\/angely.staging.mixart.do\/wp-content\/uploads\/2025\/04\/animated_images.svg\" style=\"margin-right: 10px;\">Videos<\/a><\/li>\n<li class=\"menu-item menu-item-type-post_type menu-item-object-page menu-item-4119\"><a href=\"https:\/\/angely.staging.mixart.do\/index.php\/media\/fotos\/\" class=\"elementor-item\"><img decoding=\"async\" src=\"https:\/\/angely.staging.mixart.do\/wp-content\/uploads\/2025\/04\/filter.svg\" style=\"margin-right: 10px;\">Fotos<\/a><\/li>\n<li class=\"menu-item menu-item-type-post_type menu-item-object-page menu-item-4118\"><a href=\"https:\/\/angely.staging.mixart.do\/index.php\/media\/prensa\/\" class=\"elementor-item\"><img decoding=\"async\" src=\"https:\/\/angely.staging.mixart.do\/wp-content\/uploads\/2025\/04\/news.svg\" style=\"margin-right: 10px;\">Prensa<\/a><\/li>\n<li class=\"menu-item menu-item-type-post_type menu-item-object-page menu-item-4122\"><a href=\"https:\/\/angely.staging.mixart.do\/index.php\/media\/medias-tours\/\" class=\"elementor-item\"><img decoding=\"async\" src=\"https:\/\/angely.staging.mixart.do\/wp-content\/uploads\/2025\/04\/tv_signin.svg\" style=\"margin-right: 10px;\">Medias Tours<\/a><\/li>\n<\/ul>\t\t\t<\/nav>\n\t\t\t\t\t\t<nav class=\"elementor-nav-menu--dropdown elementor-nav-menu__container\" aria-hidden=\"true\">\n\t\t\t\t<ul id=\"menu-2-21ddc5b2\" class=\"elementor-nav-menu\"><li class=\"menu-item menu-item-type-post_type menu-item-object-page menu-item-4121\"><a href=\"https:\/\/angely.staging.mixart.do\/index.php\/media\/audios\/\" class=\"elementor-item\" tabindex=\"-1\"><img decoding=\"async\" src=\"https:\/\/angely.staging.mixart.do\/wp-content\/uploads\/2025\/04\/mic-2.svg\" style=\"margin-right: 10px;\">Audios<\/a><\/li>\n<li class=\"menu-item menu-item-type-post_type menu-item-object-page menu-item-4120\"><a href=\"https:\/\/angely.staging.mixart.do\/index.php\/media\/videos\/\" class=\"elementor-item\" tabindex=\"-1\"><img decoding=\"async\" src=\"https:\/\/angely.staging.mixart.do\/wp-content\/uploads\/2025\/04\/animated_images.svg\" style=\"margin-right: 10px;\">Videos<\/a><\/li>\n<li class=\"menu-item menu-item-type-post_type menu-item-object-page menu-item-4119\"><a href=\"https:\/\/angely.staging.mixart.do\/index.php\/media\/fotos\/\" class=\"elementor-item\" tabindex=\"-1\"><img decoding=\"async\" src=\"https:\/\/angely.staging.mixart.do\/wp-content\/uploads\/2025\/04\/filter.svg\" style=\"margin-right: 10px;\">Fotos<\/a><\/li>\n<li class=\"menu-item menu-item-type-post_type menu-item-object-page menu-item-4118\"><a href=\"https:\/\/angely.staging.mixart.do\/index.php\/media\/prensa\/\" class=\"elementor-item\" tabindex=\"-1\"><img decoding=\"async\" src=\"https:\/\/angely.staging.mixart.do\/wp-content\/uploads\/2025\/04\/news.svg\" style=\"margin-right: 10px;\">Prensa<\/a><\/li>\n<li class=\"menu-item menu-item-type-post_type menu-item-object-page menu-item-4122\"><a href=\"https:\/\/angely.staging.mixart.do\/index.php\/media\/medias-tours\/\" class=\"elementor-item\" tabindex=\"-1\"><img decoding=\"async\" src=\"https:\/\/angely.staging.mixart.do\/wp-content\/uploads\/2025\/04\/tv_signin.svg\" style=\"margin-right: 10px;\">Medias Tours<\/a><\/li>\n<\/ul>\t\t\t<\/nav>\n\t\t\t\t\t\t<\/div>\n\t\t\t\t<\/div>\n\t\t\t\t\t<\/div>\n\t\t\t\t<\/div>\n\t\t<div class=\"elementor-element elementor-element-d75b600 e-flex e-con-boxed e-con e-parent\" data-id=\"d75b600\" data-element_type=\"container\">\n\t\t\t\t\t<div class=\"e-con-inner\">\n\t\t<div class=\"elementor-element elementor-element-3321e34 e-con-full e-flex e-con e-child\" data-id=\"3321e34\" data-element_type=\"container\">\n\t\t\t\t<div class=\"elementor-element elementor-element-776bc20 elementor-widget elementor-widget-video\" data-id=\"776bc20\" data-element_type=\"widget\" data-settings=\"{&quot;youtube_url&quot;:&quot;https:\\\/\\\/youtu.be\\\/CpW9VbXW1Rg?si=_J9JfFwkK4ZVyGVC&quot;,&quot;video_type&quot;:&quot;youtube&quot;,&quot;controls&quot;:&quot;yes&quot;}\" data-widget_type=\"video.default\">\n\t\t\t\t<div class=\"elementor-widget-container\">\n\t\t\t\t\t\t\t<div class=\"elementor-wrapper elementor-open-inline\">\n\t\t\t<div class=\"elementor-video\"><\/div>\t\t<\/div>\n\t\t\t\t\t\t<\/div>\n\t\t\t\t<\/div>\n\t\t\t\t<div class=\"elementor-element elementor-element-dad0b53 elementor-grid-3 elementor-grid-tablet-2 elementor-grid-mobile-1 elementor-widget elementor-widget-loop-grid\" data-id=\"dad0b53\" data-element_type=\"widget\" data-settings=\"{&quot;template_id&quot;:&quot;2850&quot;,&quot;_skin&quot;:&quot;post&quot;,&quot;columns&quot;:&quot;3&quot;,&quot;columns_tablet&quot;:&quot;2&quot;,&quot;columns_mobile&quot;:&quot;1&quot;,&quot;edit_handle_selector&quot;:&quot;[data-elementor-type=\\&quot;loop-item\\&quot;]&quot;,&quot;row_gap&quot;:{&quot;unit&quot;:&quot;px&quot;,&quot;size&quot;:&quot;&quot;,&quot;sizes&quot;:[]},&quot;row_gap_tablet&quot;:{&quot;unit&quot;:&quot;px&quot;,&quot;size&quot;:&quot;&quot;,&quot;sizes&quot;:[]},&quot;row_gap_mobile&quot;:{&quot;unit&quot;:&quot;px&quot;,&quot;size&quot;:&quot;&quot;,&quot;sizes&quot;:[]}}\" data-widget_type=\"loop-grid.post\">\n\t\t\t\t<div class=\"elementor-widget-container\">\n\t\t\t\t\t\t\t<div class=\"elementor-loop-container elementor-grid\" role=\"list\">\n\t\t<style id=\"loop-2850\">.elementor-2850 .elementor-element.elementor-element-5d4ad06{--display:flex;--min-height:541px;--flex-direction:column;--container-widget-width:100%;--container-widget-height:initial;--container-widget-flex-grow:0;--container-widget-align-self:initial;--flex-wrap-mobile:wrap;--justify-content:space-between;--gap:0px 0px;--row-gap:0px;--column-gap:0px;--padding-top:0px;--padding-bottom:0px;--padding-left:0px;--padding-right:0px;}.elementor-widget-theme-post-featured-image .widget-image-caption{color:var( --e-global-color-text );font-family:var( --e-global-typography-text-font-family ), Sans-serif;font-weight:var( --e-global-typography-text-font-weight );}.elementor-2850 .elementor-element.elementor-element-4ebd467{width:100%;max-width:100%;}.elementor-2850 .elementor-element.elementor-element-4ebd467 img{width:440px;height:239px;}.elementor-widget-theme-post-title .elementor-heading-title{font-family:var( --e-global-typography-primary-font-family ), Sans-serif;font-weight:var( --e-global-typography-primary-font-weight );color:var( --e-global-color-primary );}.elementor-2850 .elementor-element.elementor-element-e33cde1 > .elementor-widget-container{margin:0px 0px 0px 0px;}.elementor-2850 .elementor-element.elementor-element-e33cde1{text-align:justify;}.elementor-2850 .elementor-element.elementor-element-e33cde1 .elementor-heading-title{font-family:\"GothamMedium\", Sans-serif;font-size:24px;font-weight:500;line-height:28px;color:#6D6E70;}.elementor-widget-theme-post-content{color:var( --e-global-color-text );font-family:var( --e-global-typography-text-font-family ), Sans-serif;font-weight:var( --e-global-typography-text-font-weight );}.elementor-2850 .elementor-element.elementor-element-56b38ff > .elementor-widget-container{margin:30px 0px 0px 0px;}.elementor-2850 .elementor-element.elementor-element-56b38ff{text-align:justify;font-family:\"GothamLight\", Sans-serif;font-weight:400;}.elementor-widget-button .elementor-button{background-color:var( --e-global-color-accent );font-family:var( --e-global-typography-accent-font-family ), Sans-serif;font-weight:var( --e-global-typography-accent-font-weight );}.elementor-2850 .elementor-element.elementor-element-5e6b249 .elementor-button{background-color:#61CE7000;font-family:\"GothamMedium\", Sans-serif;font-size:16px;font-weight:500;line-height:28px;fill:#6D6E70;color:#6D6E70;}@media(min-width:768px){.elementor-2850 .elementor-element.elementor-element-5d4ad06{--content-width:440px;}}@media(max-width:1024px){.elementor-2850 .elementor-element.elementor-element-5d4ad06{--min-height:478px;}.elementor-2850 .elementor-element.elementor-element-4ebd467 img{width:373.88px;height:203px;}.elementor-2850 .elementor-element.elementor-element-e33cde1 .elementor-heading-title{font-size:20px;}.elementor-2850 .elementor-element.elementor-element-56b38ff > .elementor-widget-container{margin:0px 0px 0px 0px;}.elementor-2850 .elementor-element.elementor-element-56b38ff{font-size:13px;}.elementor-2850 .elementor-element.elementor-element-5e6b249 .elementor-button{font-size:13px;}}@media(max-width:767px){.elementor-2850 .elementor-element.elementor-element-5d4ad06{--min-height:400px;}.elementor-2850 .elementor-element.elementor-element-e33cde1 .elementor-heading-title{font-size:18px;}.elementor-2850 .elementor-element.elementor-element-56b38ff{font-size:14px;}.elementor-2850 .elementor-element.elementor-element-5e6b249 .elementor-button{font-size:12px;}}<\/style>\t\t<div data-elementor-type=\"loop-item\" data-elementor-id=\"2850\" class=\"elementor elementor-2850 e-loop-item e-loop-item-2845 post-2845 media-tour type-media-tour status-publish has-post-thumbnail hentry\" data-elementor-post-type=\"elementor_library\" data-custom-edit-handle=\"1\">\n\t\t\t<div class=\"elementor-element elementor-element-5d4ad06 e-flex e-con-boxed e-con e-parent\" data-id=\"5d4ad06\" data-element_type=\"container\">\n\t\t\t\t\t<div class=\"e-con-inner\">\n\t\t\t\t<div class=\"elementor-element elementor-element-4ebd467 elementor-widget__width-inherit elementor-widget elementor-widget-theme-post-featured-image elementor-widget-image\" data-id=\"4ebd467\" data-element_type=\"widget\" data-widget_type=\"theme-post-featured-image.default\">\n\t\t\t\t<div class=\"elementor-widget-container\">\n\t\t\t\t\t\t\t\t\t\t\t\t\t\t\t<img fetchpriority=\"high\" decoding=\"async\" width=\"397\" height=\"200\" src=\"https:\/\/angely.staging.mixart.do\/wp-content\/uploads\/2025\/05\/Logo-Listin-Diario.png\" class=\"attachment-full size-full wp-image-7125\" alt=\"\" srcset=\"https:\/\/angely.staging.mixart.do\/wp-content\/uploads\/2025\/05\/Logo-Listin-Diario.png 397w, https:\/\/angely.staging.mixart.do\/wp-content\/uploads\/2025\/05\/Logo-Listin-Diario-300x151.png 300w\" sizes=\"(max-width: 397px) 100vw, 397px\" \/>\t\t\t\t\t\t\t\t\t\t\t\t\t\t\t<\/div>\n\t\t\t\t<\/div>\n\t\t\t\t<div class=\"elementor-element elementor-element-e33cde1 elementor-widget elementor-widget-theme-post-title elementor-page-title elementor-widget-heading\" data-id=\"e33cde1\" data-element_type=\"widget\" data-widget_type=\"theme-post-title.default\">\n\t\t\t\t<div class=\"elementor-widget-container\">\n\t\t\t\t\t<h1 class=\"elementor-heading-title elementor-size-default\">\u2018\u2018No soy mujer de esc\u00e1ndalos por eso no me conocen\u2019\u2019<\/h1>\t\t\t\t<\/div>\n\t\t\t\t<\/div>\n\t\t\t\t<div class=\"elementor-element elementor-element-56b38ff elementor-widget elementor-widget-theme-post-content\" data-id=\"56b38ff\" data-element_type=\"widget\" data-widget_type=\"theme-post-content.default\">\n\t\t\t\t<div class=\"elementor-widget-container\">\n\t\t\t\t\t\n<p>La distinguida locutora dominicana Angely Baez agotar\u00e1 una agenda que la llevar\u00e1 a impartir su primera a impartir su primera conferencia formativa, totalmente ingl\u00e9s, en los Estados Unidos. Tambi\u00e9n se present\u00f3 en Ecuador y Guatemala este mes.<\/p>\n\n\n\n<p><\/p>\n\t\t\t\t<\/div>\n\t\t\t\t<\/div>\n\t\t\t\t<div class=\"elementor-element elementor-element-5e6b249 elementor-align-right elementor-widget elementor-widget-button\" data-id=\"5e6b249\" data-element_type=\"widget\" data-widget_type=\"button.default\">\n\t\t\t\t<div class=\"elementor-widget-container\">\n\t\t\t\t\t\t\t\t\t<div class=\"elementor-button-wrapper\">\n\t\t\t\t\t<a class=\"elementor-button elementor-button-link elementor-size-sm\" href=\"https:\/\/listindiario.com\/entretenimiento\/2022\/11\/28\/750396\/angely-baez-no-soy-mujer-de-escandalos-por-eso-no-me-conocen.html\">\n\t\t\t\t\t\t<span class=\"elementor-button-content-wrapper\">\n\t\t\t\t\t\t\t\t\t<span class=\"elementor-button-text\">Seguir leyendo &gt;&gt;<\/span>\n\t\t\t\t\t<\/span>\n\t\t\t\t\t<\/a>\n\t\t\t\t<\/div>\n\t\t\t\t\t\t\t\t<\/div>\n\t\t\t\t<\/div>\n\t\t\t\t\t<\/div>\n\t\t\t\t<\/div>\n\t\t\t\t<\/div>\n\t\t\t\t<div data-elementor-type=\"loop-item\" data-elementor-id=\"2850\" class=\"elementor elementor-2850 e-loop-item e-loop-item-2855 post-2855 media-tour type-media-tour status-publish has-post-thumbnail hentry\" data-elementor-post-type=\"elementor_library\" data-custom-edit-handle=\"1\">\n\t\t\t<div class=\"elementor-element elementor-element-5d4ad06 e-flex e-con-boxed e-con e-parent\" data-id=\"5d4ad06\" data-element_type=\"container\">\n\t\t\t\t\t<div class=\"e-con-inner\">\n\t\t\t\t<div class=\"elementor-element elementor-element-4ebd467 elementor-widget__width-inherit elementor-widget elementor-widget-theme-post-featured-image elementor-widget-image\" data-id=\"4ebd467\" data-element_type=\"widget\" data-widget_type=\"theme-post-featured-image.default\">\n\t\t\t\t<div class=\"elementor-widget-container\">\n\t\t\t\t\t\t\t\t\t\t\t\t\t\t\t<img decoding=\"async\" width=\"561\" height=\"534\" src=\"https:\/\/angely.staging.mixart.do\/wp-content\/uploads\/2025\/05\/hoy-2.jpeg\" class=\"attachment-full size-full wp-image-7124\" alt=\"\" srcset=\"https:\/\/angely.staging.mixart.do\/wp-content\/uploads\/2025\/05\/hoy-2.jpeg 561w, https:\/\/angely.staging.mixart.do\/wp-content\/uploads\/2025\/05\/hoy-2-300x286.jpeg 300w\" sizes=\"(max-width: 561px) 100vw, 561px\" \/>\t\t\t\t\t\t\t\t\t\t\t\t\t\t\t<\/div>\n\t\t\t\t<\/div>\n\t\t\t\t<div class=\"elementor-element elementor-element-e33cde1 elementor-widget elementor-widget-theme-post-title elementor-page-title elementor-widget-heading\" data-id=\"e33cde1\" data-element_type=\"widget\" data-widget_type=\"theme-post-title.default\">\n\t\t\t\t<div class=\"elementor-widget-container\">\n\t\t\t\t\t<h1 class=\"elementor-heading-title elementor-size-default\">Angely: Lista para asumir nuevo reto<\/h1>\t\t\t\t<\/div>\n\t\t\t\t<\/div>\n\t\t\t\t<div class=\"elementor-element elementor-element-56b38ff elementor-widget elementor-widget-theme-post-content\" data-id=\"56b38ff\" data-element_type=\"widget\" data-widget_type=\"theme-post-content.default\">\n\t\t\t\t<div class=\"elementor-widget-container\">\n\t\t\t\t\t\n<p>La distinguida locutora dominicana <strong>Angely Baez<\/strong> agotar\u00e1 una agenda que la llevar\u00e1 a impartir su primera a impartir su primera conferencia formativa, totalmente ingl\u00e9s, en los Estados Unidos. Tambi\u00e9n se present\u00f3 en Ecuador y Guatemala este mes.<\/p>\n\t\t\t\t<\/div>\n\t\t\t\t<\/div>\n\t\t\t\t<div class=\"elementor-element elementor-element-5e6b249 elementor-align-right elementor-widget elementor-widget-button\" data-id=\"5e6b249\" data-element_type=\"widget\" data-widget_type=\"button.default\">\n\t\t\t\t<div class=\"elementor-widget-container\">\n\t\t\t\t\t\t\t\t\t<div class=\"elementor-button-wrapper\">\n\t\t\t\t\t<a class=\"elementor-button elementor-button-link elementor-size-sm\" href=\"https:\/\/hoy.com.do\/angely-lista-para-asumir-nuevo-reto\/\">\n\t\t\t\t\t\t<span class=\"elementor-button-content-wrapper\">\n\t\t\t\t\t\t\t\t\t<span class=\"elementor-button-text\">Seguir leyendo &gt;&gt;<\/span>\n\t\t\t\t\t<\/span>\n\t\t\t\t\t<\/a>\n\t\t\t\t<\/div>\n\t\t\t\t\t\t\t\t<\/div>\n\t\t\t\t<\/div>\n\t\t\t\t\t<\/div>\n\t\t\t\t<\/div>\n\t\t\t\t<\/div>\n\t\t\t\t<div data-elementor-type=\"loop-item\" data-elementor-id=\"2850\" class=\"elementor elementor-2850 e-loop-item e-loop-item-5506 post-5506 media-tour type-media-tour status-publish has-post-thumbnail hentry\" data-elementor-post-type=\"elementor_library\" data-custom-edit-handle=\"1\">\n\t\t\t<div class=\"elementor-element elementor-element-5d4ad06 e-flex e-con-boxed e-con e-parent\" data-id=\"5d4ad06\" data-element_type=\"container\">\n\t\t\t\t\t<div class=\"e-con-inner\">\n\t\t\t\t<div class=\"elementor-element elementor-element-4ebd467 elementor-widget__width-inherit elementor-widget elementor-widget-theme-post-featured-image elementor-widget-image\" data-id=\"4ebd467\" data-element_type=\"widget\" data-widget_type=\"theme-post-featured-image.default\">\n\t\t\t\t<div class=\"elementor-widget-container\">\n\t\t\t\t\t\t\t\t\t\t\t\t\t\t\t<img decoding=\"async\" width=\"451\" height=\"486\" src=\"https:\/\/angely.staging.mixart.do\/wp-content\/uploads\/2025\/06\/diariolibr-1.png\" class=\"attachment-full size-full wp-image-7122\" alt=\"\" srcset=\"https:\/\/angely.staging.mixart.do\/wp-content\/uploads\/2025\/06\/diariolibr-1.png 451w, https:\/\/angely.staging.mixart.do\/wp-content\/uploads\/2025\/06\/diariolibr-1-278x300.png 278w\" sizes=\"(max-width: 451px) 100vw, 451px\" \/>\t\t\t\t\t\t\t\t\t\t\t\t\t\t\t<\/div>\n\t\t\t\t<\/div>\n\t\t\t\t<div class=\"elementor-element elementor-element-e33cde1 elementor-widget elementor-widget-theme-post-title elementor-page-title elementor-widget-heading\" data-id=\"e33cde1\" data-element_type=\"widget\" data-widget_type=\"theme-post-title.default\">\n\t\t\t\t<div class=\"elementor-widget-container\">\n\t\t\t\t\t<h1 class=\"elementor-heading-title elementor-size-default\">Angely: Lista para asumir nuevo reto<\/h1>\t\t\t\t<\/div>\n\t\t\t\t<\/div>\n\t\t\t\t<div class=\"elementor-element elementor-element-56b38ff elementor-widget elementor-widget-theme-post-content\" data-id=\"56b38ff\" data-element_type=\"widget\" data-widget_type=\"theme-post-content.default\">\n\t\t\t\t<div class=\"elementor-widget-container\">\n\t\t\t\t\t\n<p>La distinguida locutora dominicana <strong>Angely Baez<\/strong> agotar\u00e1 una agenda que la llevar\u00e1 a impartir su primera a impartir su primera conferencia formativa, totalmente ingl\u00e9s, en los Estados Unidos. Tambi\u00e9n se present\u00f3 en Ecuador y Guatemala este mes.<\/p>\n\n\n\n<p><\/p>\n\t\t\t\t<\/div>\n\t\t\t\t<\/div>\n\t\t\t\t<div class=\"elementor-element elementor-element-5e6b249 elementor-align-right elementor-widget elementor-widget-button\" data-id=\"5e6b249\" data-element_type=\"widget\" data-widget_type=\"button.default\">\n\t\t\t\t<div class=\"elementor-widget-container\">\n\t\t\t\t\t\t\t\t\t<div class=\"elementor-button-wrapper\">\n\t\t\t\t\t<a class=\"elementor-button elementor-button-link elementor-size-sm\" href=\"https:\/\/hoy.com.do\/angely-lista-para-asumir-nuevo-reto\/\">\n\t\t\t\t\t\t<span class=\"elementor-button-content-wrapper\">\n\t\t\t\t\t\t\t\t\t<span class=\"elementor-button-text\">Seguir leyendo &gt;&gt;<\/span>\n\t\t\t\t\t<\/span>\n\t\t\t\t\t<\/a>\n\t\t\t\t<\/div>\n\t\t\t\t\t\t\t\t<\/div>\n\t\t\t\t<\/div>\n\t\t\t\t\t<\/div>\n\t\t\t\t<\/div>\n\t\t\t\t<\/div>\n\t\t\t\t<\/div>\n\t\t\n\t\t\t\t\t\t<\/div>\n\t\t\t\t<\/div>\n\t\t\t\t<\/div>\n\t\t\t\t\t<\/div>\n\t\t\t\t<\/div>\n\t\t\t\t<\/div>\n\t\t","protected":false},"excerpt":{"rendered":"<p>Media \u00a0 Conoce mi trabajo a trav\u00e9s de mi contenido. https:\/\/youtu.be\/CpW9VbXW1Rg?si=_J9JfFwkK4ZVyGVC<\/p>\n","protected":false},"author":1,"featured_media":0,"parent":51,"menu_order":0,"comment_status":"closed","ping_status":"closed","template":"","meta":{"_acf_changed":false,"footnotes":""},"class_list":["post-4008","page","type-page","status-publish","hentry"],"acf":[],"_links":{"self":[{"href":"https:\/\/angely.staging.mixart.do\/index.php\/wp-json\/wp\/v2\/pages\/4008","targetHints":{"allow":["GET"]}}],"collection":[{"href":"https:\/\/angely.staging.mixart.do\/index.php\/wp-json\/wp\/v2\/pages"}],"about":[{"href":"https:\/\/angely.staging.mixart.do\/index.php\/wp-json\/wp\/v2\/types\/page"}],"author":[{"embeddable":true,"href":"https:\/\/angely.staging.mixart.do\/index.php\/wp-json\/wp\/v2\/users\/1"}],"replies":[{"embeddable":true,"href":"https:\/\/angely.staging.mixart.do\/index.php\/wp-json\/wp\/v2\/comments?post=4008"}],"version-history":[{"count":90,"href":"https:\/\/angely.staging.mixart.do\/index.php\/wp-json\/wp\/v2\/pages\/4008\/revisions"}],"predecessor-version":[{"id":6745,"href":"https:\/\/angely.staging.mixart.do\/index.php\/wp-json\/wp\/v2\/pages\/4008\/revisions\/6745"}],"up":[{"embeddable":true,"href":"https:\/\/angely.staging.mixart.do\/index.php\/wp-json\/wp\/v2\/pages\/51"}],"wp:attachment":[{"href":"https:\/\/angely.staging.mixart.do\/index.php\/wp-json\/wp\/v2\/media?parent=4008"}],"curies":[{"name":"wp","href":"https:\/\/api.w.org\/{rel}","templated":true}]}}